{"id":791,"date":"2026-01-14T16:40:43","date_gmt":"2026-01-14T16:40:43","guid":{"rendered":"https:\/\/gambinohotels.com\/?page_id=791"},"modified":"2026-01-14T16:55:02","modified_gmt":"2026-01-14T16:55:02","slug":"statement","status":"publish","type":"page","link":"https:\/\/gambinohotels.com\/de\/statement\/","title":{"rendered":"Statement"},"content":{"rendered":"<h2>Barrierefreiheitserkl\u00e4rung f\u00fcr das\u00a0<span class=\"basic-information website-name\">gambino hotels<\/span><\/h2>\n<p>Dies ist eine Barrierefreiheitserkl\u00e4rung vom\u00a0<span class=\"basic-information organization-name\">gambino hotels<\/span>.<\/p>\n<h3>Ma\u00dfnahmen zur Unterst\u00fctzung der Barrierefreiheit.<\/h3>\n<p><span class=\"basic-information organization-name\">gambino hotels<\/span>\u00a0ergreift die folgenden Ma\u00dfnahmen, um die Barrierefreiheit der\u00a0<span class=\"basic-information website-name\">gambino hotels<\/span>:<\/p>\n<ul class=\"organizational-effort accessibility-measures\">\n<li>Barrierefreiheit als Teil unserer Unternehmensphilosophie verankern.<\/li>\n<li>Barrierefreiheit in allen internen Richtlinien verankern.<\/li>\n<li>Barrierefreiheit in unsere Beschaffungsprozesse integrieren.<\/li>\n<li>Kontinuierliche Schulungen zur Barrierefreiheit f\u00fcr unsere Mitarbeiter anbieten.<\/li>\n<li>Klare Ziele und Verantwortlichkeiten f\u00fcr Barrierefreiheit festlegen.<\/li>\n<\/ul>\n<h3>Konformit\u00e4tsstatus.<\/h3>\n<p>Die Richtlinien f\u00fcr barrierefreie Webinhalte\u00a0<a href=\"https:\/\/www.w3.org\/WAI\/standards-guidelines\/wcag\/\">(WCAG \u2013 Web Content Accessibility Guidelines)<\/a>\u00a0definieren Anforderungen f\u00fcr Designer und Entwickler, um die Barrierefreiheit f\u00fcr Menschen mit Behinderungen zu verbessern. Sie definieren drei Konformit\u00e4tsstufen: Stufe A, Stufe AA und Stufe AAA.\u00a0<span class=\"basic-information website-name\">gambino hotels<\/span>\u00a0is\u00a0<span class=\"basic-information conformance-status\" data-printfilter=\"lowercase\">ist teilweise mit WCAG 2.1 Stufe AA konform.<\/span>\u00a0with\u00a0<span class=\"basic-information conformance-standard\"><span data-negate=\"\">WCAG 2.1 Stufe AA konform.<\/span>.<\/span>\u00a0<span class=\"basic-information conformance-status\">Teilweise konform bedeutet,<\/span>\u00a0dass einige\u00a0<span class=\"basic-information conformance-meaning\">Teile der Inhalte nicht vollst\u00e4ndig dem Barrierefreiheitsstandard entsprechen.<\/span>.<\/p>\n<h3>Feedback<\/h3>\n<p>Wir freuen uns \u00fcber Ihr Feedback zur Barrierefreiheit von\u00a0<span class=\"basic-information website-name\">gambino hotels<\/span>Bitte teilen Sie uns mit, wenn Sie auf Barrieren auf\u00a0<span class=\"basic-information website-name\">gambino hotels<\/span>:<\/p>\n<ul class=\"basic-information feedback h-card\">\n<li>Phone:\u00a0<span class=\"phone-number p-tel\">+49 172 995 4426<\/span><\/li>\n<li>E-mail:\u00a0<a class=\"email u-email\" href=\"mailto:alessandro@gambinoconsulting.comalessandro@gambinoconsulting.com\">alessandro@gambinoconsulting.com<\/a><\/li>\n<li>Visitor Address:\u00a0<span class=\"visitor-address p-extended-address\">Gambino Holding GmbH, Bayerstra\u00dfe 7, M\u00fcnchen<\/span><\/li>\n<li class=\"contact-other p-note\">Instagram: @gambinohotels<\/li>\n<\/ul>\n<p>Wir versuchen, auf Feedback innerhalb von\u00a0<span class=\"feedback responsetime\">2 Werktagen zu antworten.<\/span>.<\/p>\n<h3>Technische Spezifikationen<\/h3>\n<p>Barrierefreiheit von\u00a0<span class=\"basic-information website-name\">gambino hotels<\/span>\u00a0st\u00fctzt sich auf die folgenden Technologien, um mit der spezifischen Kombination aus Webbrowser und jeglichen auf Ihrem Computer installierten assistiven Technologien oder Plugins zu funktionieren:<\/p>\n<ul class=\"technical-information technologies-used\">\n<li>HTML<\/li>\n<li>WAI-ARIA<\/li>\n<li>CSS<\/li>\n<li>JavaScript<\/li>\n<\/ul>\n<p>Auf diese Technologien wird f\u00fcr die Konformit\u00e4t mit den verwendeten Barrierefreiheitsstandards vertraut.<\/p>\n<h3>Bewertungsansatz.<\/h3>\n<p><span class=\"basic-information organization-name\">gambino hotels<\/span>\u00a0hat die Barrierefreiheit von\u00a0<span class=\"basic-information website-name\">gambino hotels<\/span>\u00a0bewertet. durch die folgenden Ans\u00e4tze bewertet:<\/p>\n<ul class=\"technical-information assessment-approaches\">\n<li>Selbstevaluation.<\/li>\n<li>Externe Evaluation.<\/li>\n<\/ul>\n<h3>Evaluierungsbericht.<\/h3>\n<p>An evaluation report for\u00a0<span class=\"basic-information website-name\">gambino hotels<\/span>\u00a0ist verf\u00fcg unter:\u00a0<a class=\"technical-information related-evidence\" href=\"https:\/\/www.w3.org\/WAI\/eval\/report-tool\/\">https:\/\/www.w3.org\/WAI\/eval\/report-tool\/<\/a>.<\/p>\n<h3>Evaluation statement<\/h3>\n<p>Eine Evaluierungserkl\u00e4rung f\u00fcr\u00a0<span class=\"basic-information website-name\">gambino hotels<\/span>\u00a0ist verf\u00fcg unter:\u00a0<a class=\"technical-information related-evidence\" href=\"https:\/\/www.w3.org\/TR\/WCAG-EM\/\">https:\/\/www.w3.org\/TR\/WCAG-EM\/<\/a>.<\/p>\n<h3>Formale Beschwerden.<\/h3>\n<p class=\"complaints\">Wir streben an, auf Feedback zur Barrierefreiheit innerhalb von 2 Werktagen zu antworten und innerhalb von 10 Werktagen eine L\u00f6sung vorzuschlagen.<\/p>\n<h3>Formale Genehmigung dieser Barrierefreiheitserkl\u00e4rung.<\/h3>\n<p>Diese Barrierefreiheitserkl\u00e4rung ist genehmigt von:<\/p>\n<p class=\"approval\"><span class=\"basic-information organization-name\">gambino hotels<\/span><br \/>\n<span class=\"approved-by\">Alessandro A. Gambino<\/span><br \/>\n<span class=\"approved-by-jobtitle\">Manager and Hotel Development<\/span><\/p>\n<p>&nbsp;<\/p>\n<h3>Datum.<\/h3>\n<p>Diese Erkl\u00e4rung wurde erstellt am.\u00a0<span class=\"basic-information statement-created-date\">14 January 2026<\/span>\u00a0unter Verwendung des\u00a0<a href=\"https:\/\/www.w3.org\/WAI\/planning\/statements\/\">W3C Accessibility Statement Generator Tool<\/a>.<\/p>","protected":false},"excerpt":{"rendered":"<p>Accessibility Statement for\u00a0gambino hotels This is an accessibility statement from\u00a0gambino hotels. Measures to support accessibility gambino hotels\u00a0takes the following measures to ensure accessibility of\u00a0gambino hotels: Include accessibility as part of our mission statement. Include accessibility throughout our internal policies. Integrate accessibility into our procurement practices. Provide continual accessibility training for our staff. Assign clear accessibility [&hellip;]<\/p>\n","protected":false},"author":1,"featured_media":0,"parent":0,"menu_order":0,"comment_status":"closed","ping_status":"closed","template":"statement.php","meta":{"_acf_changed":false,"inline_featured_image":false,"footnotes":""},"class_list":["post-791","page","type-page","status-publish","hentry"],"acf":[],"_links":{"self":[{"href":"https:\/\/gambinohotels.com\/de\/wp-json\/wp\/v2\/pages\/791","targetHints":{"allow":["GET"]}}],"collection":[{"href":"https:\/\/gambinohotels.com\/de\/wp-json\/wp\/v2\/pages"}],"about":[{"href":"https:\/\/gambinohotels.com\/de\/wp-json\/wp\/v2\/types\/page"}],"author":[{"embeddable":true,"href":"https:\/\/gambinohotels.com\/de\/wp-json\/wp\/v2\/users\/1"}],"replies":[{"embeddable":true,"href":"https:\/\/gambinohotels.com\/de\/wp-json\/wp\/v2\/comments?post=791"}],"version-history":[{"count":2,"href":"https:\/\/gambinohotels.com\/de\/wp-json\/wp\/v2\/pages\/791\/revisions"}],"predecessor-version":[{"id":795,"href":"https:\/\/gambinohotels.com\/de\/wp-json\/wp\/v2\/pages\/791\/revisions\/795"}],"wp:attachment":[{"href":"https:\/\/gambinohotels.com\/de\/wp-json\/wp\/v2\/media?parent=791"}],"curies":[{"name":"wp","href":"https:\/\/api.w.org\/{rel}","templated":true}]}}